{"id":709,"date":"2022-05-20T21:45:25","date_gmt":"2022-05-20T21:45:25","guid":{"rendered":"https:\/\/borabrasil.radio.br\/?page_id=709"},"modified":"2022-11-05T01:47:48","modified_gmt":"2022-11-05T01:47:48","slug":"noticias","status":"publish","type":"page","link":"https:\/\/borabrasil.radio.br\/?page_id=709","title":{"rendered":"Not\u00edcias"},"content":{"rendered":"\n<center><a href=\"https:\/\/www.hostgator.com.br\/43739-128-1-856.html\" target=\"_blank\" rel=\"nofollow noopener\"><img loading=\"lazy\" decoding=\"async\" style=\"border:0px\" src=\"https:\/\/latam-files.hostgator.com\/br\/afiliados\/wordpress\/970x90.png\" width=\"970\" height=\"90\" alt=\"\"><\/a><\/center>\n\n\n\n<div class=\"wp-block-columns is-layout-flex wp-container-core-columns-is-layout-9d6595d7 wp-block-columns-is-layout-flex\">\n<div class=\"wp-block-column is-layout-flow wp-block-column-is-layout-flow\" style=\"flex-basis:70%\"><div  class=\"ultp-post-grid-block wp-block-ultimate-post-post-list-3 ultp-block-faab08\"><div class=\"ultp-block-wrapper\"><div class=\"ultp-loading\"><div class=\"ultp-loading-blocks\" style=\"width:100%;height:100%;\"><div style=\"left: 0;top: 0;animation-delay:0s;\"><\/div><div style=\"left: 21px;top: 0;animation-delay:0.125s;\"><\/div><div style=\"left: 42px;top: 0;animation-delay:0.25s;\"><\/div><div style=\"left: 0;top: 21px;animation-delay:0.875s;\"><\/div><div style=\"left: 42px;top: 21px;animation-delay:0.375s;\"><\/div><div style=\"left: 0;top: 42px;animation-delay:0.75s;\"><\/div><div style=\"left: 42px;top: 42px;animation-delay:0.625s;\"><\/div><div style=\"left: 21px;top: 42px;animation-delay:0.5s;\"><\/div><\/div><\/div><div class=\"ultp-heading-filter\"><div class=\"ultp-heading-filter-in\"><div class=\"ultp-filter-navigation\"><\/div><\/div><\/div><div class=\"ultp-block-items-wrap ultp-block-row ultp-block-column-1 ultp-block-content-middle ultp-layout1\"><div class=\"ultp-block-item ultp-block-media post-id-1183\"><div class=\"ultp-block-content-wrap\"><div class=\"ultp-block-image ultp-block-image-opacity\"><a href=\"https:\/\/borabrasil.radio.br\/?p=1183\" ><img decoding=\"async\"  alt=\"S\u00e3o Roque Brilha com a Beleza das Cerejeiras\"  src=\"https:\/\/borabrasil.radio.br\/wp-content\/uploads\/2025\/07\/sakura-sao-roque-600x554.avif\" \/><\/a><\/div><div class=\"ultp-block-content\"><div class=\"ultp-category-grid ultp-category-classic ultp-category-aboveTitle\"><div class=\"ultp-category-in\"><a class=\"ultp-cat-uncategorized\" href=\"https:\/\/borabrasil.radio.br\/?cat=1\"  >Uncategorized<\/a><\/div><\/div><h3 class=\"ultp-block-title \"><a href=\"https:\/\/borabrasil.radio.br\/?p=1183\" >S\u00e3o Roque Brilha com a Beleza das Cerejeiras<\/a><\/h3><div class=\"ultp-block-excerpt\"><p>S\u00e3o Roque Brilha com a Beleza das Cerejeiras S\u00e3o Roque (SP) transforma-se por pelo menos duas semanas com a florada&hellip;<\/p>\n<\/div><div class=\"ultp-block-readmore\"><a aria-label=\"S\u00e3o Roque Brilha com a Beleza das Cerejeiras\" href=\"https:\/\/borabrasil.radio.br\/?p=1183\" >lEIA mAIS<\/a><\/div><\/div><\/div><\/div><div class=\"ultp-block-item ultp-block-media post-id-1161\"><div class=\"ultp-block-content-wrap\"><div class=\"ultp-block-image ultp-block-image-opacity\"><a href=\"https:\/\/borabrasil.radio.br\/?p=1161\" ><img decoding=\"async\"  alt=\"Osasco se Destaca como Polo de Sustentabilidade e Sedia Encontro Estrat\u00e9gico sobre os ODS 2025\"  src=\"https:\/\/borabrasil.radio.br\/wp-content\/uploads\/2025\/07\/ods_2025-600x600.webp\" \/><\/a><\/div><div class=\"ultp-block-content\"><div class=\"ultp-category-grid ultp-category-classic ultp-category-aboveTitle\"><div class=\"ultp-category-in\"><a class=\"ultp-cat-eventos\" href=\"https:\/\/borabrasil.radio.br\/?cat=29\"  >Eventos<\/a><\/div><\/div><h3 class=\"ultp-block-title \"><a href=\"https:\/\/borabrasil.radio.br\/?p=1161\" >Osasco se Destaca como Polo de Sustentabilidade e Sedia Encontro Estrat\u00e9gico sobre os ODS 2025<\/a><\/h3><div class=\"ultp-block-excerpt\"><p>Osasco se Destaca como Polo de Sustentabilidade e Sedia Encontro Estrat\u00e9gico sobre os ODS 2025 Evento reuniu especialistas, poder p\u00fablico&hellip;<\/p>\n<\/div><div class=\"ultp-block-readmore\"><a aria-label=\"Osasco se Destaca como Polo de Sustentabilidade e Sedia Encontro Estrat\u00e9gico sobre os ODS 2025\" href=\"https:\/\/borabrasil.radio.br\/?p=1161\" >lEIA mAIS<\/a><\/div><\/div><\/div><\/div><div class=\"ultp-block-item ultp-block-media post-id-1178\"><div class=\"ultp-block-content-wrap\"><div class=\"ultp-block-image ultp-block-image-opacity\"><a href=\"https:\/\/borabrasil.radio.br\/?p=1178\" ><img decoding=\"async\"  alt=\"Trig\u00eameos de Tigre-Branco Nascem com Leucismo e Nomes que Simbolizam Esperan\u00e7a\"  src=\"https:\/\/borabrasil.radio.br\/wp-content\/uploads\/2025\/07\/3-filhotes-de-tigre-600x600.jpg\" \/><\/a><\/div><div class=\"ultp-block-content\"><div class=\"ultp-category-grid ultp-category-classic ultp-category-aboveTitle\"><div class=\"ultp-category-in\"><a class=\"ultp-cat-noticia\" href=\"https:\/\/borabrasil.radio.br\/?cat=24\"  >Noticia<\/a><\/div><\/div><h3 class=\"ultp-block-title \"><a href=\"https:\/\/borabrasil.radio.br\/?p=1178\" >Trig\u00eameos de Tigre-Branco Nascem com Leucismo e Nomes que Simbolizam Esperan\u00e7a<\/a><\/h3><div class=\"ultp-block-excerpt\"><p>Trig\u00eameos de Tigre-Branco Nascem com Leucismo e Nomes que Simbolizam Esperan\u00e7a Cotia, SP \u2013 O Anim\u00e1lia Park, localizado na regi\u00e3o&hellip;<\/p>\n<\/div><div class=\"ultp-block-readmore\"><a aria-label=\"Trig\u00eameos de Tigre-Branco Nascem com Leucismo e Nomes que Simbolizam Esperan\u00e7a\" href=\"https:\/\/borabrasil.radio.br\/?p=1178\" >lEIA mAIS<\/a><\/div><\/div><\/div><\/div><div class=\"ultp-block-item ultp-block-media post-id-1059\"><div class=\"ultp-block-content-wrap\"><div class=\"ultp-block-image ultp-block-image-opacity\"><a href=\"https:\/\/borabrasil.radio.br\/?p=1059\" ><img decoding=\"async\"  alt=\"LENDA DO BOX MAGUILA MORRE AOS 66 ANOS\"  src=\"https:\/\/borabrasil.radio.br\/wp-content\/uploads\/2024\/10\/maguila-aline-falcao-1044x783-2-600x600.jpg\" \/><\/a><\/div><div class=\"ultp-block-content\"><div class=\"ultp-category-grid ultp-category-classic ultp-category-aboveTitle\"><div class=\"ultp-category-in\"><a class=\"ultp-cat-esporte\" href=\"https:\/\/borabrasil.radio.br\/?cat=42\"  >Esporte<\/a><a class=\"ultp-cat-noticia\" href=\"https:\/\/borabrasil.radio.br\/?cat=24\"  >Noticia<\/a><\/div><\/div><h3 class=\"ultp-block-title \"><a href=\"https:\/\/borabrasil.radio.br\/?p=1059\" >LENDA DO BOX MAGUILA MORRE AOS 66 ANOS<\/a><\/h3><div class=\"ultp-block-excerpt\"><p>LENDA DO BOX MAGUILA MORRE AOS 66 ANOS Jos\u00e9 Adilson Rodrigues dos Santos, o Maguila, de 66 anos, morreu nesta&hellip;<\/p>\n<\/div><div class=\"ultp-block-readmore\"><a aria-label=\"LENDA DO BOX MAGUILA MORRE AOS 66 ANOS\" href=\"https:\/\/borabrasil.radio.br\/?p=1059\" >lEIA mAIS<\/a><\/div><\/div><\/div><\/div><div class=\"ultp-block-item ultp-block-media post-id-990\"><div class=\"ultp-block-content-wrap\"><div class=\"ultp-block-image ultp-block-image-opacity\"><a href=\"https:\/\/borabrasil.radio.br\/?p=990\" ><img decoding=\"async\"  alt=\"55 Anos do Parque Cemucam\"  src=\"https:\/\/borabrasil.radio.br\/wp-content\/uploads\/2024\/03\/55-anos-parque-cemucam-600x600.jpeg\" \/><\/a><\/div><div class=\"ultp-block-content\"><div class=\"ultp-category-grid ultp-category-classic ultp-category-aboveTitle\"><div class=\"ultp-category-in\"><a class=\"ultp-cat-eventos\" href=\"https:\/\/borabrasil.radio.br\/?cat=29\"  >Eventos<\/a><a class=\"ultp-cat-lazer\" href=\"https:\/\/borabrasil.radio.br\/?cat=30\"  >Lazer<\/a><\/div><\/div><h3 class=\"ultp-block-title \"><a href=\"https:\/\/borabrasil.radio.br\/?p=990\" >55 Anos do Parque Cemucam<\/a><\/h3><div class=\"ultp-block-excerpt\"><p>55 Anos do Parque Cemucam O Parque Cemucam celebrou seus 55 anos de exist\u00eancia com uma programa\u00e7\u00e3o cheia de atividades&hellip;<\/p>\n<\/div><div class=\"ultp-block-readmore\"><a aria-label=\"55 Anos do Parque Cemucam\" href=\"https:\/\/borabrasil.radio.br\/?p=990\" >lEIA mAIS<\/a><\/div><\/div><\/div><\/div><\/div><div class=\"ultp-loadmore\"><span class=\"ultp-loadmore-action\" tabindex=\"0\" role=\"button\" data-pages=\"4\" data-pagenum=\"1\"  data-expost=\"\" data-blockid=\"faab08\" data-blockname=\"ultimate-post_post-list-3\" data-postid=\"709\" data-selfpostid=\"no\">MOSTRAR MAIS ARTIGOS <span class=\"ultp-spin\"><svg xmlns=\"http:\/\/www.w3.org\/2000\/svg\" enable-background=\"new 0 0 491.236 491.236\" version=\"1.1\" viewBox=\"0 0 491.24 491.24\"><path d=\"m55.89 262.82c-3-26-0.5-51.1 6.3-74.3 22.6-77.1 93.5-133.8 177.6-134.8v-50.4c0-2.8 3.5-4.3 5.8-2.6l103.7 76.2c1.7 1.3 1.7 3.9 0 5.1l-103.6 76.2c-2.4 1.7-5.8 0.2-5.8-2.6v-50.3c-55.3 0.9-102.5 35-122.8 83.2-7.7 18.2-11.6 38.3-10.5 59.4 1.5 29 12.4 55.7 29.6 77.3 9.2 11.5 7 28.3-4.9 37-11.3 8.3-27.1 6-35.8-5-21.3-26.6-35.5-59-39.6-94.4zm299.4-96.8c17.3 21.5 28.2 48.3 29.6 77.3 1.1 21.2-2.9 41.3-10.5 59.4-20.3 48.2-67.5 82.4-122.8 83.2v-50.3c0-2.8-3.5-4.3-5.8-2.6l-103.7 76.2c-1.7 1.3-1.7 3.9 0 5.1l103.6 76.2c2.4 1.7 5.8 0.2 5.8-2.6v-50.4c84.1-0.9 155.1-57.6 177.6-134.8 6.8-23.2 9.2-48.3 6.3-74.3-4-35.4-18.2-67.8-39.5-94.4-8.8-11-24.5-13.3-35.8-5-11.8 8.7-14 25.5-4.8 37z\"\/><\/svg><\/span><\/span><\/div><\/div><div class=\"pagination-block-html\" aria-hidden=\"true\" style=\"display: none;\"><\/div><\/div><\/div>\n\n\n\n<div class=\"wp-block-column is-layout-flow wp-block-column-is-layout-flow\" style=\"flex-basis:30%\">\n<div style=\"height:45px\" aria-hidden=\"true\" class=\"wp-block-spacer\"><\/div>\n\n\n<div  class=\"wp-block-ultimate-post-image ultp-block-ca07b0\"><div class=\"ultp-block-wrapper\"><figure class=\"ultp-image-block-wrapper\"><div class=\"ultp-image-block ultp-image-block-none\"><a href=\"https:\/\/play.google.com\/store\/apps\/details?id=com.shoutcast.braudio.webradioborabrasil&#038;hl=pt_BR&#038;gl=US\" target=\"_blank\"><img decoding=\"async\"  class=\"ultp-image\"  alt=\"Image\"  src=\"https:\/\/borabrasil.radio.br\/wp-content\/uploads\/2022\/10\/webradioborabrasil-app.jpg\" \/><\/a><\/div><\/figure><\/div><\/div>\n\n\n<div style=\"height:30px\" aria-hidden=\"true\" class=\"wp-block-spacer\"><\/div>\n\n\n\n<div style=\"height:30px\" aria-hidden=\"true\" class=\"wp-block-spacer\"><\/div>\n<\/div>\n<\/div>\n","protected":false},"excerpt":{"rendered":"<p><span class=\"more-link\"><a href=\"https:\/\/borabrasil.radio.br\/?page_id=709\">Continue Reading<\/a><\/span><\/p>\n","protected":false},"author":2,"featured_media":0,"parent":0,"menu_order":0,"comment_status":"closed","ping_status":"closed","template":"ultp_page_template","meta":{"_uag_custom_page_level_css":"","footnotes":""},"class_list":["entry","author-wrbb","post-709","page","type-page","status-publish"],"uagb_featured_image_src":{"full":false,"thumbnail":false,"medium":false,"medium_large":false,"large":false,"1536x1536":false,"2048x2048":false,"ultp_layout_landscape_large":false,"ultp_layout_landscape":false,"ultp_layout_portrait":false,"ultp_layout_square":false,"hoot-medium-thumb":false,"hoot-preview":false,"hoot-preview-thumb":false,"hoot-large-thumb":false,"hoot-preview-large":false,"hoot-wide-thumb":false,"hoot-extra-wide-thumb":false},"uagb_author_info":{"display_name":"gamboaweb","author_link":"https:\/\/borabrasil.radio.br\/?author=2"},"uagb_comment_info":0,"uagb_excerpt":"Continue Reading","_links":{"self":[{"href":"https:\/\/borabrasil.radio.br\/index.php?rest_route=\/wp\/v2\/pages\/709","targetHints":{"allow":["GET"]}}],"collection":[{"href":"https:\/\/borabrasil.radio.br\/index.php?rest_route=\/wp\/v2\/pages"}],"about":[{"href":"https:\/\/borabrasil.radio.br\/index.php?rest_route=\/wp\/v2\/types\/page"}],"author":[{"embeddable":true,"href":"https:\/\/borabrasil.radio.br\/index.php?rest_route=\/wp\/v2\/users\/2"}],"replies":[{"embeddable":true,"href":"https:\/\/borabrasil.radio.br\/index.php?rest_route=%2Fwp%2Fv2%2Fcomments&post=709"}],"version-history":[{"count":15,"href":"https:\/\/borabrasil.radio.br\/index.php?rest_route=\/wp\/v2\/pages\/709\/revisions"}],"predecessor-version":[{"id":868,"href":"https:\/\/borabrasil.radio.br\/index.php?rest_route=\/wp\/v2\/pages\/709\/revisions\/868"}],"wp:attachment":[{"href":"https:\/\/borabrasil.radio.br\/index.php?rest_route=%2Fwp%2Fv2%2Fmedia&parent=709"}],"curies":[{"name":"wp","href":"https:\/\/api.w.org\/{rel}","templated":true}]}}